{"id":13,"date":"2023-12-21T10:35:48","date_gmt":"2023-12-21T09:35:48","guid":{"rendered":"https:\/\/philoptim.com\/?page_id=13"},"modified":"2024-01-08T17:06:43","modified_gmt":"2024-01-08T16:06:43","slug":"contact","status":"publish","type":"page","link":"https:\/\/philoptim.com\/en\/contact\/","title":{"rendered":"Contact us"},"content":{"rendered":"<style>.kb-row-layout-id13_aa72ee-a9 > .kt-row-column-wrap{align-content:start;}:where(.kb-row-layout-id13_aa72ee-a9 > .kt-row-column-wrap) > .wp-block-kadence-column{justify-content:start;}.kb-row-layout-id13_aa72ee-a9 > .kt-row-column-wrap{column-gap:var(--global-kb-gap-md, 2rem);row-gap:var(--global-kb-gap-md, 2rem);max-width:var( --global-content-width, 1290px );padding-left:var(--global-content-edge-padding);padding-right:var(--global-content-edge-padding);padding-bottom:var(--global-kb-spacing-md, 2rem);grid-template-columns:minmax(0, 1fr);}.kb-row-layout-id13_aa72ee-a9{background-image:linear-gradient(135deg,var(--global-palette9,#ffffff) 41%,var(--global-palette7,#eef2f5) 100%);}.kb-row-layout-id13_aa72ee-a9 > .kt-row-layout-overlay{opacity:0.20;mix-blend-mode:multiply;}@media all and (max-width: 1024px){.kb-row-layout-id13_aa72ee-a9 > .kt-row-column-wrap{grid-template-columns:minmax(0, 1fr);}}@media all and (max-width: 767px){.kb-row-layout-id13_aa72ee-a9 > .kt-row-column-wrap{grid-template-columns:minmax(0, 1fr);}}<\/style><div class=\"kb-row-layout-wrap kb-row-layout-id13_aa72ee-a9 alignfull has-theme-palette8-background-color kt-row-has-bg wp-block-kadence-rowlayout\"><div class=\"kt-row-column-wrap kt-has-1-columns kt-row-layout-equal kt-tab-layout-inherit kt-mobile-layout-row kt-row-valign-top kb-theme-content-width\">\n<style>.kadence-column13_a44b5c-f2, .kt-inside-inner-col > .kadence-column13_a44b5c-f2:not(.specificity){margin-top:var(--global-kb-spacing-lg, 3rem);}.kadence-column13_a44b5c-f2 > .kt-inside-inner-col,.kadence-column13_a44b5c-f2 > .kt-inside-inner-col:before{border-top-left-radius:0px;border-top-right-radius:0px;border-bottom-right-radius:0px;border-bottom-left-radius:0px;}.kadence-column13_a44b5c-f2 > .kt-inside-inner-col{column-gap:var(--global-kb-gap-sm, 1rem);}.kadence-column13_a44b5c-f2 > .kt-inside-inner-col{flex-direction:column;}.kadence-column13_a44b5c-f2 > .kt-inside-inner-col > .aligncenter{width:100%;}.kadence-column13_a44b5c-f2 > .kt-inside-inner-col:before{opacity:0.3;}.kadence-column13_a44b5c-f2{position:relative;}@media all and (max-width: 1024px){.kadence-column13_a44b5c-f2 > .kt-inside-inner-col{flex-direction:column;}}@media all and (max-width: 767px){.kadence-column13_a44b5c-f2 > .kt-inside-inner-col{flex-direction:column;}}<\/style>\n<div class=\"wp-block-kadence-column kadence-column13_a44b5c-f2 inner-column-1\"><div class=\"kt-inside-inner-col\"><style>.wp-block-kadence-advancedheading.kt-adv-heading13_236e02-aa, .wp-block-kadence-advancedheading.kt-adv-heading13_236e02-aa[data-kb-block=\"kb-adv-heading13_236e02-aa\"]{margin-top:var(--global-kb-spacing-xs, 1rem);margin-bottom:var(--global-kb-spacing-sm, 1.5rem);text-align:center;font-size:var(--global-kb-font-size-xl, 3rem);line-height:1.1;font-weight:700;font-style:normal;}.wp-block-kadence-advancedheading.kt-adv-heading13_236e02-aa mark.kt-highlight, .wp-block-kadence-advancedheading.kt-adv-heading13_236e02-aa[data-kb-block=\"kb-adv-heading13_236e02-aa\"] mark.kt-highlight{font-style:normal;color:#f76a0c;padding-top:0px;padding-right:0px;padding-bottom:0px;padding-left:0px;}<\/style>\n<h2 class=\"kt-adv-heading13_236e02-aa wp-block-kadence-advancedheading has-theme-palette-3-color has-text-color\" data-kb-block=\"kb-adv-heading13_236e02-aa\">Want to know more?<br>Contact us!<\/h2>\n\n\n<style>.wp-block-kadence-advancedheading.kt-adv-heading13_a1935e-95, .wp-block-kadence-advancedheading.kt-adv-heading13_a1935e-95[data-kb-block=\"kb-adv-heading13_a1935e-95\"]{text-align:center;font-style:normal;}.wp-block-kadence-advancedheading.kt-adv-heading13_a1935e-95 mark.kt-highlight, .wp-block-kadence-advancedheading.kt-adv-heading13_a1935e-95[data-kb-block=\"kb-adv-heading13_a1935e-95\"] mark.kt-highlight{font-style:normal;color:#f76a0c;padding-top:0px;padding-right:0px;padding-bottom:0px;padding-left:0px;}<\/style>\n<p class=\"kt-adv-heading13_a1935e-95 has-sm-font-size wp-block-kadence-advancedheading has-theme-palette-4-color has-text-color\" data-kb-block=\"kb-adv-heading13_a1935e-95\">Bring artificial intelligence into your supply chain!<\/p>\n<\/div><\/div>\n\n<\/div><\/div>\n\n<style>.kb-row-layout-id13_25cd8e-9b > .kt-row-column-wrap{align-content:center;}:where(.kb-row-layout-id13_25cd8e-9b > .kt-row-column-wrap) > .wp-block-kadence-column{justify-content:center;}.kb-row-layout-id13_25cd8e-9b > .kt-row-column-wrap{column-gap:var(--global-kb-gap-lg, 4rem);row-gap:var(--global-kb-gap-md, 2rem);max-width:var( --global-content-width, 1290px );padding-left:var(--global-content-edge-padding);padding-right:var(--global-content-edge-padding);padding-top:var(--global-kb-spacing-xl, 4rem);padding-bottom:var(--global-kb-spacing-md, 2rem);grid-template-columns:minmax(0, calc(50% - ((var(--global-kb-gap-lg, 4rem) * 1 )\/2)))minmax(0, calc(50% - ((var(--global-kb-gap-lg, 4rem) * 1 )\/2)));}.kb-row-layout-id13_25cd8e-9b > .kt-row-layout-overlay{opacity:0.30;}@media all and (max-width: 1024px){.kb-row-layout-id13_25cd8e-9b > .kt-row-column-wrap{column-gap:var(--global-kb-gap-md, 2rem);padding-top:var(--global-kb-spacing-lg, 3rem);padding-bottom:var(--global-kb-spacing-lg, 3rem);grid-template-columns:minmax(0, 1fr);}}@media all and (max-width: 1024px){.kb-row-layout-id13_25cd8e-9b > .kt-row-column-wrap > .wp-block-kadence-column:nth-child(1){order:2;}}@media all and (max-width: 1024px){.kb-row-layout-id13_25cd8e-9b > .kt-row-column-wrap > .wp-block-kadence-column:nth-child(2){order:1;}}@media all and (max-width: 1024px){.kb-row-layout-id13_25cd8e-9b > .kt-row-column-wrap > .wp-block-kadence-column:nth-child(3){order:12;}}@media all and (max-width: 1024px){.kb-row-layout-id13_25cd8e-9b > .kt-row-column-wrap > .wp-block-kadence-column:nth-child(4){order:11;}}@media all and (max-width: 1024px){.kb-row-layout-id13_25cd8e-9b > .kt-row-column-wrap > .wp-block-kadence-column:nth-child(5){order:22;}}@media all and (max-width: 1024px){.kb-row-layout-id13_25cd8e-9b > .kt-row-column-wrap > .wp-block-kadence-column:nth-child(6){order:21;}}@media all and (max-width: 1024px){.kb-row-layout-id13_25cd8e-9b > .kt-row-column-wrap > .wp-block-kadence-column:nth-child(7){order:32;}}@media all and (max-width: 1024px){.kb-row-layout-id13_25cd8e-9b > .kt-row-column-wrap > .wp-block-kadence-column:nth-child(8){order:31;}}@media all and (max-width: 767px){.kb-row-layout-id13_25cd8e-9b > .kt-row-column-wrap{padding-right:var(--global-kb-spacing-xs, 1rem);padding-left:var(--global-kb-spacing-xs, 1rem);grid-template-columns:minmax(0, 1fr);}.kb-row-layout-id13_25cd8e-9b > .kt-row-column-wrap > .wp-block-kadence-column:nth-child(1){order:2;}.kb-row-layout-id13_25cd8e-9b > .kt-row-column-wrap > .wp-block-kadence-column:nth-child(2){order:1;}.kb-row-layout-id13_25cd8e-9b > .kt-row-column-wrap > .wp-block-kadence-column:nth-child(3){order:12;}.kb-row-layout-id13_25cd8e-9b > .kt-row-column-wrap > .wp-block-kadence-column:nth-child(4){order:11;}.kb-row-layout-id13_25cd8e-9b > .kt-row-column-wrap > .wp-block-kadence-column:nth-child(5){order:22;}.kb-row-layout-id13_25cd8e-9b > .kt-row-column-wrap > .wp-block-kadence-column:nth-child(6){order:21;}.kb-row-layout-id13_25cd8e-9b > .kt-row-column-wrap > .wp-block-kadence-column:nth-child(7){order:32;}.kb-row-layout-id13_25cd8e-9b > .kt-row-column-wrap > .wp-block-kadence-column:nth-child(8){order:31;}}<\/style><div class=\"kb-row-layout-wrap kb-row-layout-id13_25cd8e-9b alignfull has-theme-palette9-background-color kt-row-has-bg wp-block-kadence-rowlayout\"><div class=\"kt-row-column-wrap kt-has-2-columns kt-row-layout-equal kt-tab-layout-row kt-mobile-layout-row kt-row-valign-middle kb-theme-content-width\">\n<style>.kadence-column13_9349bf-f2 > .kt-inside-inner-col{padding-top:var(--global-kb-spacing-md, 2rem);padding-right:var(--global-kb-spacing-md, 2rem);padding-bottom:var(--global-kb-spacing-md, 2rem);padding-left:var(--global-kb-spacing-md, 2rem);}.kadence-column13_9349bf-f2 > .kt-inside-inner-col,.kadence-column13_9349bf-f2 > .kt-inside-inner-col:before{border-top-left-radius:5px;border-top-right-radius:5px;border-bottom-right-radius:5px;border-bottom-left-radius:5px;}.kadence-column13_9349bf-f2 > .kt-inside-inner-col{column-gap:var(--global-kb-gap-sm, 1rem);}.kadence-column13_9349bf-f2 > .kt-inside-inner-col{flex-direction:column;}.kadence-column13_9349bf-f2 > .kt-inside-inner-col > .aligncenter{width:100%;}.kadence-column13_9349bf-f2 > .kt-inside-inner-col{background-color:var(--global-palette8, #F7FAFC);}.kadence-column13_9349bf-f2 > .kt-inside-inner-col:before{opacity:0.3;}.kadence-column13_9349bf-f2{text-align:left;}.kadence-column13_9349bf-f2{position:relative;}@media all and (max-width: 1024px){.kadence-column13_9349bf-f2 > .kt-inside-inner-col{flex-direction:column;}}@media all and (max-width: 767px){.kadence-column13_9349bf-f2 > .kt-inside-inner-col{padding-top:var(--global-kb-spacing-xs, 1rem);padding-right:var(--global-kb-spacing-xs, 1rem);padding-bottom:var(--global-kb-spacing-xs, 1rem);padding-left:var(--global-kb-spacing-xs, 1rem);flex-direction:column;}}<\/style>\n<div class=\"wp-block-kadence-column kadence-column13_9349bf-f2 kb-section-dir-vertical inner-column-2\"><div class=\"kt-inside-inner-col\"><style>.kadence-form-13_b8e83c-c6 .kb-form .kadence-blocks-form-field .kb-text-style-field, .kadence-form-13_b8e83c-c6 .kb-form .kadence-blocks-form-field .kb-select-style-field{color:var(--global-palette4, #2D3748);background:var(--global-palette9, #ffffff);border-color:var(--global-palette7, #EDF2F7);}.kadence-form-13_b8e83c-c6 .kb-form .kadence-blocks-form-field > label{color:var(--global-palette6, #718096);}<\/style>\n<div class=\"wp-block-kadence-form kadence-form-13_b8e83c-c6 kb-form-wrap\"><form class=\"kb-form\" action=\"\" method=\"post\" data-trp-original-action=\"\"><div class=\"kadence-blocks-form-field kb-field-desk-width-100 kb-input-size-standard\"><label for=\"kb_field_13_b8e83c-c6_0\">Full Name<span class=\"required\">*<\/span><\/label><input name=\"kb_field_0\" id=\"kb_field_13_b8e83c-c6_0\" data-label=\"Nom\" type=\"text\" placeholder=\"\" value=\"\" data-type=\"text\" class=\"kb-field kb-text-style-field kb-text-field kb-field-0\" data-required=\"yes\"\/><\/div><div class=\"kadence-blocks-form-field kb-form-field-1 kb-field-desk-width-100 kb-input-size-standard\"><label for=\"kb_field_13_b8e83c-c6_1\">Email<span class=\"required\">*<\/span><\/label><input name=\"kb_field_1\" id=\"kb_field_13_b8e83c-c6_1\" data-label=\"Email\" type=\"email\" placeholder=\"\" value=\"\" data-type=\"email\" class=\"kb-field kb-text-style-field kb-email-field kb-field-1\" data-required=\"yes\"\/><\/div><div class=\"kadence-blocks-form-field kb-form-field-2 kb-field-desk-width-100 kb-input-size-standard\"><label for=\"kb_field_13_b8e83c-c6_2\">Your message<\/label><textarea name=\"kb_field_2\" id=\"kb_field_13_b8e83c-c6_2\" data-label=\"Message\" type=\"textarea\" placeholder=\"\" data-type=\"textarea\" class=\"kb-field kb-text-style-field kb-textarea-field kb-field-2\" rows=\"4\"><\/textarea><\/div><input type=\"hidden\" name=\"_kb_form_id\" value=\"13_b8e83c-c6\"\/><input type=\"hidden\" name=\"_kb_form_post_id\" value=\"13\"\/><input type=\"hidden\" name=\"action\" value=\"kb_process_ajax_submit\"\/><input class=\"kadence-blocks-field verify\" type=\"text\" name=\"_kb_verify_email\" autocomplete=\"new-password\" aria-hidden=\"true\" placeholder=\"Email\" tabindex=\"-1\" data-1p-ignore=\"true\" data-lpignore=\"true\" \/><div class=\"kadence-blocks-form-field kb-submit-field kb-field-desk-width-100\"><button class=\"kb-forms-submit button kb-button-size-standard kb-button-width-auto\">Send<\/button><\/div><input type=\"hidden\" name=\"trp-form-language\" value=\"en\"\/><\/form><\/div>\n<noscript><div class=\"kadence-blocks-form-message kadence-blocks-form-warning\">Please enable JavaScript in your browser to submit the form<\/div><style>.kadence-form-13_b8e83c-c6 .kadence-blocks-form-field.kb-submit-field { display: none; }<\/style><\/noscript><\/div><\/div>\n\n\n<style>.kadence-column13_e753f8-08 > .kt-inside-inner-col{display:flex;}.kadence-column13_e753f8-08 > .kt-inside-inner-col,.kadence-column13_e753f8-08 > .kt-inside-inner-col:before{border-top-left-radius:0px;border-top-right-radius:0px;border-bottom-right-radius:0px;border-bottom-left-radius:0px;}.kadence-column13_e753f8-08 > .kt-inside-inner-col{column-gap:var(--global-kb-gap-sm, 1rem);}.kadence-column13_e753f8-08 > .kt-inside-inner-col{flex-direction:column;justify-content:center;}.kadence-column13_e753f8-08 > .kt-inside-inner-col > .aligncenter{width:100%;}.kt-row-column-wrap > .kadence-column13_e753f8-08{align-self:center;}.kt-inner-column-height-full:not(.kt-has-1-columns) > .wp-block-kadence-column.kadence-column13_e753f8-08{align-self:auto;}.kt-inner-column-height-full:not(.kt-has-1-columns) > .wp-block-kadence-column.kadence-column13_e753f8-08 > .kt-inside-inner-col{flex-direction:column;justify-content:center;}.kadence-column13_e753f8-08 > .kt-inside-inner-col:before{opacity:0.3;}.kadence-column13_e753f8-08{text-align:left;}.kadence-column13_e753f8-08{position:relative;}@media all and (max-width: 1024px){.kt-row-column-wrap > .kadence-column13_e753f8-08{align-self:center;}}@media all and (max-width: 1024px){.kt-inner-column-height-full:not(.kt-has-1-columns) > .wp-block-kadence-column.kadence-column13_e753f8-08{align-self:auto;}}@media all and (max-width: 1024px){.kt-inner-column-height-full:not(.kt-has-1-columns) > .wp-block-kadence-column.kadence-column13_e753f8-08 > .kt-inside-inner-col{flex-direction:column;justify-content:center;}}@media all and (max-width: 1024px){.kadence-column13_e753f8-08 > .kt-inside-inner-col{flex-direction:column;}}@media all and (max-width: 767px){.kt-row-column-wrap > .kadence-column13_e753f8-08{align-self:center;}.kt-inner-column-height-full:not(.kt-has-1-columns) > .wp-block-kadence-column.kadence-column13_e753f8-08{align-self:auto;}.kt-inner-column-height-full:not(.kt-has-1-columns) > .wp-block-kadence-column.kadence-column13_e753f8-08 > .kt-inside-inner-col{flex-direction:column;justify-content:center;}.kadence-column13_e753f8-08 > .kt-inside-inner-col{flex-direction:column;}}<\/style>\n<div class=\"wp-block-kadence-column kadence-column13_e753f8-08 kb-section-dir-vertical inner-column-1\"><div class=\"kt-inside-inner-col\"><style>.wp-block-kadence-advancedheading.kt-adv-heading13_abbcbc-bf, .wp-block-kadence-advancedheading.kt-adv-heading13_abbcbc-bf[data-kb-block=\"kb-adv-heading13_abbcbc-bf\"]{margin-bottom:var(--global-kb-spacing-sm, 1.5rem);font-style:normal;}.wp-block-kadence-advancedheading.kt-adv-heading13_abbcbc-bf mark.kt-highlight, .wp-block-kadence-advancedheading.kt-adv-heading13_abbcbc-bf[data-kb-block=\"kb-adv-heading13_abbcbc-bf\"] mark.kt-highlight{font-style:normal;color:#f76a0c;padding-top:0px;padding-right:0px;padding-bottom:0px;padding-left:0px;}<\/style>\n<p class=\"kt-adv-heading13_abbcbc-bf wp-block-kadence-advancedheading has-theme-palette-3-color has-text-color\" data-kb-block=\"kb-adv-heading13_abbcbc-bf\">Send us a message and we'll get back to you.<br><br>If you have a specific use case in mind, feel free to mention it in your message.<\/p>\n<\/div><\/div>\n\n<\/div><\/div>\n\n<style>.kb-row-layout-id13_0f0b78-a1 > .kt-row-column-wrap{align-content:center;}:where(.kb-row-layout-id13_0f0b78-a1 > .kt-row-column-wrap) > .wp-block-kadence-column{justify-content:center;}.kb-row-layout-id13_0f0b78-a1 > .kt-row-column-wrap{column-gap:var(--global-kb-gap-md, 2rem);row-gap:var(--global-kb-gap-md, 2rem);max-width:var( --global-content-width, 1290px );padding-left:var(--global-content-edge-padding);padding-right:var(--global-content-edge-padding);padding-top:var(--global-kb-spacing-5xl, 10rem);padding-bottom:var(--global-kb-spacing-5xl, 10rem);min-height:550px;grid-template-columns:minmax(0, 1fr);}.kb-row-layout-id13_0f0b78-a1{background-image:url('http:\/\/philoptim.com\/wp-content\/uploads\/2024\/01\/15495ddf-cf9d-4bdb-8172-65fc2f90beb4.jpg');background-size:cover;background-position:54% 36%;background-attachment:scroll;background-repeat:no-repeat;}.kb-row-layout-id13_0f0b78-a1 > .kt-row-layout-overlay{opacity:0.50;background-color:var(--global-palette3, #1A202C);mix-blend-mode:normal;}.kb-row-layout-id13_0f0b78-a1 .kt-row-layout-bottom-sep{height:100px;}.kb-row-layout-id13_0f0b78-a1 .kt-row-layout-bottom-sep svg{width:100%;}.kb-row-layout-id13_0f0b78-a1 .kt-row-layout-bottom-sep svg{fill:var(--global-palette9, #ffffff)!important;}.kb-row-layout-id13_0f0b78-a1 .kt-row-layout-top-sep{height:100px;}.kb-row-layout-id13_0f0b78-a1 .kt-row-layout-top-sep svg{width:100%;}.kb-row-layout-id13_0f0b78-a1 .kt-row-layout-top-sep svg{fill:var(--global-palette9, #ffffff)!important;}@media all and (max-width: 1024px){.kb-row-layout-id13_0f0b78-a1 > .kt-row-column-wrap{grid-template-columns:minmax(0, 1fr);}}@media all and (max-width: 1024px){.kb-row-layout-id13_0f0b78-a1 .kt-row-layout-bottom-sep{height:px;}}@media all and (max-width: 1024px){.kb-row-layout-id13_0f0b78-a1 .kt-row-layout-bottom-sep svg{width:%;}}@media all and (max-width: 767px){.kb-row-layout-id13_0f0b78-a1 > .kt-row-column-wrap{grid-template-columns:minmax(0, 1fr);}.kb-row-layout-id13_0f0b78-a1 .kt-row-layout-bottom-sep{height:px;}.kb-row-layout-id13_0f0b78-a1 .kt-row-layout-bottom-sep svg{width:%;}}<\/style><div class=\"kb-row-layout-wrap kb-row-layout-id13_0f0b78-a1 alignfull has-theme-palette8-background-color kt-row-has-bg kb-divider-static wp-block-kadence-rowlayout\"><div class=\"kt-row-layout-overlay kt-row-overlay-normal\"><\/div><div class=\"kt-row-layout-top-sep kt-row-sep-type-sltl\"><svg viewbox=\"0 0 1000 100\" preserveaspectratio=\"none\"><path d=\"M1000,0l-1000,100l1000,0l0,-100Z\" \/><\/svg><\/div><div class=\"kt-row-layout-bottom-sep kt-row-sep-type-sltl\"><svg viewbox=\"0 0 1000 100\" preserveaspectratio=\"none\"><path d=\"M1000,0l-1000,100l1000,0l0,-100Z\" \/><\/svg><\/div><div class=\"kt-row-column-wrap kt-has-1-columns kt-row-layout-equal kt-tab-layout-inherit kt-mobile-layout-row kt-row-valign-middle kb-theme-content-width\">\n<style>.kadence-column13_849f59-e8 > .kt-inside-inner-col,.kadence-column13_849f59-e8 > .kt-inside-inner-col:before{border-top-left-radius:0px;border-top-right-radius:0px;border-bottom-right-radius:0px;border-bottom-left-radius:0px;}.kadence-column13_849f59-e8 > .kt-inside-inner-col{column-gap:var(--global-kb-gap-sm, 1rem);}.kadence-column13_849f59-e8 > .kt-inside-inner-col{flex-direction:column;}.kadence-column13_849f59-e8 > .kt-inside-inner-col > .aligncenter{width:100%;}.kadence-column13_849f59-e8 > .kt-inside-inner-col:before{opacity:0.3;}.kadence-column13_849f59-e8{position:relative;}@media all and (max-width: 1024px){.kadence-column13_849f59-e8 > .kt-inside-inner-col{flex-direction:column;}}@media all and (max-width: 767px){.kadence-column13_849f59-e8 > .kt-inside-inner-col{flex-direction:column;}}<\/style>\n<div class=\"wp-block-kadence-column kadence-column13_849f59-e8\"><div class=\"kt-inside-inner-col\"><style>.wp-block-kadence-advancedheading.kt-adv-heading13_c0ad3b-b8, .wp-block-kadence-advancedheading.kt-adv-heading13_c0ad3b-b8[data-kb-block=\"kb-adv-heading13_c0ad3b-b8\"]{max-width:800px;margin-right:auto;margin-left:auto;margin-top:var(--global-kb-spacing-xxs, 0.5rem);text-align:center;font-size:var(--global-kb-font-size-xl, 3rem);line-height:1.1;font-weight:700;font-style:normal;}.wp-block-kadence-advancedheading.kt-adv-heading13_c0ad3b-b8 mark.kt-highlight, .wp-block-kadence-advancedheading.kt-adv-heading13_c0ad3b-b8[data-kb-block=\"kb-adv-heading13_c0ad3b-b8\"] mark.kt-highlight{font-style:normal;color:#f76a0c;padding-top:0px;padding-right:0px;padding-bottom:0px;padding-left:0px;}<\/style>\n<h2 class=\"kt-adv-heading13_c0ad3b-b8 wp-block-kadence-advancedheading has-theme-palette-9-color has-text-color\" data-kb-block=\"kb-adv-heading13_c0ad3b-b8\">Discover how our tools could revolutionize your Supply Chain <\/h2>\n<\/div><\/div>\n\n<\/div><\/div>","protected":false},"excerpt":{"rendered":"<p>Vous voulez en savoir plus?Contactez nous! Fa\u00eetes rentrer l&rsquo;intelligence artificielle dans votre Supply Chain! Envoyez-nous un message, nous vous recontacterons. Si vous avez un cas d&rsquo;usage pr\u00e9cis en t\u00eate, n&rsquo;h\u00e9sitez pas \u00e0 l&rsquo;indiquer dans votre message. D\u00e9couvrez comment nos outils pourraient r\u00e9volutionner votre Supply Chain<\/p>","protected":false},"author":1,"featured_media":0,"parent":0,"menu_order":0,"comment_status":"closed","ping_status":"closed","template":"","meta":{"rank_math_lock_modified_date":false,"_kad_post_transparent":"disable","_kad_post_title":"hide","_kad_post_layout":"","_kad_post_sidebar_id":"","_kad_post_content_style":"unboxed","_kad_post_vertical_padding":"hide","_kad_post_feature":"default","_kad_post_feature_position":"","_kad_post_header":false,"_kad_post_footer":false,"footnotes":""},"_links":{"self":[{"href":"https:\/\/philoptim.com\/en\/wp-json\/wp\/v2\/pages\/13"}],"collection":[{"href":"https:\/\/philoptim.com\/en\/wp-json\/wp\/v2\/pages"}],"about":[{"href":"https:\/\/philoptim.com\/en\/wp-json\/wp\/v2\/types\/page"}],"author":[{"embeddable":true,"href":"https:\/\/philoptim.com\/en\/wp-json\/wp\/v2\/users\/1"}],"replies":[{"embeddable":true,"href":"https:\/\/philoptim.com\/en\/wp-json\/wp\/v2\/comments?post=13"}],"version-history":[{"count":7,"href":"https:\/\/philoptim.com\/en\/wp-json\/wp\/v2\/pages\/13\/revisions"}],"predecessor-version":[{"id":85,"href":"https:\/\/philoptim.com\/en\/wp-json\/wp\/v2\/pages\/13\/revisions\/85"}],"wp:attachment":[{"href":"https:\/\/philoptim.com\/en\/wp-json\/wp\/v2\/media?parent=13"}],"curies":[{"name":"wp","href":"https:\/\/api.w.org\/{rel}","templated":true}]}}